{"id":782,"date":"2023-05-30T13:56:10","date_gmt":"2023-05-30T13:56:10","guid":{"rendered":"https:\/\/popkfe.com\/?page_id=782"},"modified":"2023-06-08T14:24:56","modified_gmt":"2023-06-08T14:24:56","slug":"allergenes","status":"publish","type":"page","link":"https:\/\/popkfe.com\/?page_id=782","title":{"rendered":"Allerg\u00e8nes"},"content":{"rendered":"\n<div id=\"wp-block-themeisle-blocks-advanced-columns-8b4cbaa5\" class=\"wp-block-themeisle-blocks-advanced-columns has-1-columns has-desktop-equal-layout has-tablet-equal-layout has-mobile-equal-layout has-vertical-unset has-default-gap\"><div class=\"wp-block-themeisle-blocks-advanced-columns-overlay\"><\/div><div class=\"innerblocks-wrap\">\n<div id=\"wp-block-themeisle-blocks-advanced-column-78da8c1d\" class=\"wp-block-themeisle-blocks-advanced-column\">\n<p class=\"has-text-align-center\"><strong>LISTE DES ALLERGENES<\/strong><br><\/p>\n\n\n\n<p class=\"has-text-align-left\"><strong>BURGERS :<\/strong><br><em>Classico , Bacon, Vosgien, Montagnard, Aqua Burger, Veggie, Crousty Burger :<\/em><br>Gluten, Lait, \u0152uf, S\u00e9same, Moutarde<\/p>\n\n\n\n<p class=\"has-text-align-left\"><strong>SALADES :<\/strong><br><em>Vosgienne, Cocotte :<\/em><br>Gluten, Lait, \u0152uf, S\u00e9same, Moutarde<\/p>\n\n\n\n<p class=\"has-text-align-left\"><strong>POKE BOWL :<\/strong><br><em>Crevette :<\/em><br>Crustac\u00e9s, Risque de gluten, \u0152uf, S\u00e9same<br><em>Grec :<\/em><br>Lait, Risque de gluten, S\u00e9same<\/p>\n\n\n\n<p class=\"has-text-align-left\"><strong>FLAMS :<\/strong><br><em>Gratin\u00e9e :<\/em><br>Gluten, Lait, Moutarde, S\u00e9same, C\u00e9leri<br><em>V\u00e9g\u00e9tarienne :<\/em><br>Gluten, Lait, Moutarde, Fruits \u00e0 coque, C\u00e9leri<br><em>Munster :<\/em><br>Gluten, Lait, Moutarde, S\u00e9same, Fruits \u00e0 coque<br><em>Savoyarde :<\/em><br>Gluten, Lait, Moutarde, S\u00e9same, Fruits \u00e0 coque, Soja<br><em>Ch\u00e8vre Miel :<\/em><br>Gluten, Lait, Fruits \u00e0 coque, Poissons<br><em>Mexicaine :<\/em><br>Gluten, Lait, Moutarde, \u0152uf<br><em>New Yorkaise :<\/em><br>Gluten, Lait, S\u00e9same, \u0152uf<br><\/p>\n\n\n\n<p class=\"has-text-align-left\"><strong>PIZZAS :<\/strong><br><em>Reine :<\/em><br>Gluten, Lait, Risque de Fruits \u00e0 coque<br><em>Quatre Fromage, Cannibale, Cocorico, Yeti Cochon :<\/em><br>Gluten, Lait, \u0152uf<br><em>Yeti Poulet :<\/em><br>Gluten, Lait, Moutarde, Fruits \u00e0 coque, C\u00e9leri, \u0152uf<\/p>\n\n\n\n<p class=\"has-text-align-left\"><strong>SAUCES :<\/strong><br><em>Barbecue :<\/em><br>Risque de Gluten<br><em>B\u00e9arnaise :<\/em><br>\u0152uf, Risque de Gluten<br><em>Tartare, Poivre, Vinaigrette :<\/em><br>\u0152uf, Risque de Gluten, Moutarde<br><em>Cocktail, Tha\u00ef :<\/em><br>\u0152uf, Risque de Gluten, Moutarde, Soja<\/p>\n\n\n\n<p class=\"has-text-align-left\"><strong>PLATS :<\/strong><br><em>Frites :<\/em><br>Risque de Gluten<br><em>Frites Cheddar :<\/em><br>Risque de Gluten, Lait<br><em>Panini Poulet, Panini Jambon :<\/em><br>Gluten, Lait<br><em>Assortiment Pan\u00e9s:<\/em><br>\u0152uf, Lait, Crustac\u00e9, Risque de Gluten<\/p>\n\n\n\n<p class=\"has-text-align-left\"><strong>GLACE :<\/strong><br><em>Toutes<\/em><br>Gluten<em>, <\/em>Lait, \u0152uf, Soja, Fruits \u00e0 coque, Arachides<\/p>\n\n\n\n<p class=\"has-text-align-left\"><strong>DESSERTS<\/strong><br><em>Brioche :<\/em><br>Gluten, Lait, \u0152uf<br><em>Cr\u00eape :<\/em><br>Gluten, Lait, \u0152uf<br><em>Gaufre :<\/em><br>Gluten, Lait, \u0152uf<br><em>Cheesecake:<\/em><br>Gluten, Lait, \u0152uf<br><em>Brownie:<\/em><br>Gluten, Lait, \u0152uf, Arachides<\/p>\n\n\n\n<p class=\"has-text-align-left\"><strong>TOPPING, COULIS<\/strong><br>Cr\u00e8me <em>chantilly :<\/em><br>Lait<br><em>Nutella :<\/em><br>Lait, Soja, Fruits \u00e0 coque<br><em>Granola, Or\u00e9o :<\/em><br>Gluten, Lait, Soja<br><em>M&amp;M\u2019s:<\/em><br>Lait, Soja, Fruits \u00e0 coque, Arachides<br><em>Lion:<\/em><br>Gluten, Lait, Soja, Fruit \u00e0 coque<\/p>\n\n\n\n<p class=\"has-text-align-left\"><strong>BOISSONS CHAUDES<\/strong><br>Chocolat chaud, Chocolat Viennois, Caf\u00e9 Cr\u00e8me, Noisette, Capuccino<em> :<\/em><br>Lait<\/p>\n<\/div>\n<\/div><\/div>\n","protected":false},"excerpt":{"rendered":"","protected":false},"author":2,"featured_media":0,"parent":0,"menu_order":0,"comment_status":"closed","ping_status":"closed","template":"","meta":{"_themeisle_gutenberg_block_has_review":false,"footnotes":""},"class_list":["post-782","page","type-page","status-publish","hentry"],"_links":{"self":[{"href":"https:\/\/popkfe.com\/index.php?rest_route=\/wp\/v2\/pages\/782","targetHints":{"allow":["GET"]}}],"collection":[{"href":"https:\/\/popkfe.com\/index.php?rest_route=\/wp\/v2\/pages"}],"about":[{"href":"https:\/\/popkfe.com\/index.php?rest_route=\/wp\/v2\/types\/page"}],"author":[{"embeddable":true,"href":"https:\/\/popkfe.com\/index.php?rest_route=\/wp\/v2\/users\/2"}],"replies":[{"embeddable":true,"href":"https:\/\/popkfe.com\/index.php?rest_route=%2Fwp%2Fv2%2Fcomments&post=782"}],"version-history":[{"count":6,"href":"https:\/\/popkfe.com\/index.php?rest_route=\/wp\/v2\/pages\/782\/revisions"}],"predecessor-version":[{"id":796,"href":"https:\/\/popkfe.com\/index.php?rest_route=\/wp\/v2\/pages\/782\/revisions\/796"}],"wp:attachment":[{"href":"https:\/\/popkfe.com\/index.php?rest_route=%2Fwp%2Fv2%2Fmedia&parent=782"}],"curies":[{"name":"wp","href":"https:\/\/api.w.org\/{rel}","templated":true}]}}