{"id":199,"date":"2021-07-09T18:43:03","date_gmt":"2021-07-09T18:43:03","guid":{"rendered":"https:\/\/popkfe.com\/?page_id=199"},"modified":"2024-01-24T11:54:08","modified_gmt":"2024-01-24T11:54:08","slug":"reglement-interieur","status":"publish","type":"page","link":"https:\/\/popkfe.com\/?page_id=199","title":{"rendered":"R\u00e8glement Int\u00e9rieur"},"content":{"rendered":"\n<div id=\"wp-block-themeisle-blocks-advanced-columns-8b4cbaa5\" class=\"wp-block-themeisle-blocks-advanced-columns has-1-columns has-desktop-equal-layout has-tablet-equal-layout has-mobile-equal-layout has-vertical-unset has-default-gap\"><div class=\"wp-block-themeisle-blocks-advanced-columns-overlay\"><\/div><div class=\"innerblocks-wrap\">\n<div id=\"wp-block-themeisle-blocks-advanced-column-78da8c1d\" class=\"wp-block-themeisle-blocks-advanced-column\">\n<p class=\"has-text-align-center\"><strong>CONDITIONS D\u2019ACC\u00c8S et R<strong>\u00c8<\/strong>GLEMENT INT\u00c9RIEUR DE L\u2019\u00c9TABLISSEMENT POPKF\u00c9<\/strong><br><\/p>\n\n\n\n<p class=\"has-text-align-center\">L\u2019acc\u00e8s \u00e0 l\u2019\u00e9tablissement est r\u00e9serv\u00e9 aux personnes de plus de 18 ans.<br>Les mineurs doivent \u00eatre accompagn\u00e9s d\u2019un parent majeur.<\/p>\n\n\n\n<p class=\"has-text-align-center\">Toute personne souhaitant p\u00e9n\u00e9trer dans l\u2019enceinte du POPKF\u00c9 s\u2019engage \u00e0 respecter<br>toutes les clauses du pr\u00e9sent r\u00e8glement et notamment \u00e0 justifier de son \u00e2ge.<\/p>\n\n\n\n<p class=\"has-text-align-center\">L\u2019acc\u00e8s pourra \u00e9galement \u00eatre interdit :<\/p>\n\n\n\n<p class=\"has-text-align-center\">A toute personne coupable d\u2019une altercation lors d\u2019une soir\u00e9e pr\u00e9c\u00e9dente.<br>Lorsque l&rsquo;\u00e9tablissement est complet.<br>A toute personne en \u00e9tat d\u2019\u00e9bri\u00e9t\u00e9 ou \u00e9tat anormal observ\u00e9 par la s\u00e9curit\u00e9.<br>A toute personne dont la tenue, l&rsquo;attitude ou le comportement para\u00eet douteux,<br>mena\u00e7ant ou vulgaire et laisse ainsi raisonnablement pr\u00e9voir d\u2019un risque de trouble<br>\u00e0 l&rsquo;int\u00e9rieur de l&rsquo;\u00e9tablissement.<\/p>\n\n\n\n<p class=\"has-text-align-center\">A toute personne apr\u00e8s 1H30 les vendredis et samedis. 0h30 le reste de la semaine.<\/p>\n\n\n\n<p class=\"has-text-align-center\">Une tenue correcte et adapt\u00e9e est exig\u00e9e.<br>Des casiers consignes sont \u00e0 la disposition de la client\u00e8le.<\/p>\n\n\n\n<p class=\"has-text-align-center\">La direction d\u00e9cline toute responsabilit\u00e9 en cas de perte ou de vol de tout effet personnel.<\/p>\n\n\n\n<p class=\"has-text-align-center\">Dans l\u2019enceinte de l\u2019\u00e9tablissement, il est formellement interdit, sous peine d\u2019exclusion d\u00e9finitive :<\/p>\n\n\n\n<p class=\"has-text-align-center\">De porter sur soi tout objet contondant, ac\u00e9r\u00e9 ou repr\u00e9sentant un danger<br>au regard du service de s\u00e9curit\u00e9 de l\u2019\u00e9tablissement.<br>De faire preuve d\u2019irrespect et\/ou impolitesse et\/ou agressivit\u00e9 envers les autres clients<br>et\/ou l\u2019un des membres du personnel.<\/p>\n\n\n\n<p class=\"has-text-align-center\">De fumer et vapoter \u00e0 l\u2019int\u00e9rieur de l\u2019\u00e9tablissement<br>(D\u00e9cret N\u00b02006-1386 du 15\/11\/2006 fixant l\u2019interdiction dans les lieux affect\u00e9s \u00e0 un usage collectif.)<br>De faire usage de stup\u00e9fiants.<\/p>\n\n\n\n<p class=\"has-text-align-center\">Toute personne pr\u00e9sente dans l\u2019\u00e9tablissement est tenue au respect des r\u00e8gles<br>de savoir vivre et notamment au respect de l\u2019ensemble des \u00e9quipements mis \u00e0 la disposition de la client\u00e8le<br>(Banquettes, Fauteuils, Sanitaires\u2026).<\/p>\n\n\n\n<p class=\"has-text-align-center\">Toute personne souhaitant acc\u00e9der ou se trouvant dans l\u2019\u00e9tablissement est tenue de suivre les instructions<br>qui leur sont donn\u00e9es par les membres du service de s\u00e9curit\u00e9<br>afin de pr\u00e9server la s\u00e9curit\u00e9, le calme et l\u2019ordre.<\/p>\n\n\n\n<p class=\"has-text-align-center\">Toute personne est tenue de coop\u00e9rer lors du contr\u00f4le du bon respect des dispositions du pr\u00e9sent r\u00e8glement.<\/p>\n\n\n\n<p class=\"has-text-align-center\">En cas de refus la ou les personnes se verront refuser l\u2019entr\u00e9e ou raccompagn\u00e9es \u00e0 la sortie.<\/p>\n\n\n\n<p class=\"has-text-align-center\">Le personnel de salle et de bar n\u2019est pas autoris\u00e9 \u00e0 servir une personne en \u00e9tat d\u2019\u00e9bri\u00e9t\u00e9.<\/p>\n\n\n\n<p class=\"has-text-align-center\">Toute personne en \u00e9tat d\u2019\u00e9bri\u00e9t\u00e9, \u00e0 l\u2019int\u00e9rieur de l\u2019\u00e9tablissement sera invit\u00e9e \u00e0 quitter l\u2019\u00e9tablissement.<\/p>\n\n\n\n<p class=\"has-text-align-center\">Pour votre s\u00e9curit\u00e9 et la n\u00f4tre, l\u2019\u00e9tablissement est sous VIDEO PROTECTION<\/p>\n\n\n\n<p class=\"has-text-align-center\">La direction du POPKF\u00c9 se r\u00e9serve le droit de modifier le pr\u00e9sent R\u00e8glement int\u00e9rieur<br>\u00e0 tout moment et sans pr\u00e9avis.<\/p>\n<\/div>\n<\/div><\/div>\n","protected":false},"excerpt":{"rendered":"","protected":false},"author":1,"featured_media":0,"parent":0,"menu_order":0,"comment_status":"closed","ping_status":"closed","template":"","meta":{"_themeisle_gutenberg_block_has_review":false,"footnotes":""},"class_list":["post-199","page","type-page","status-publish","hentry"],"_links":{"self":[{"href":"https:\/\/popkfe.com\/index.php?rest_route=\/wp\/v2\/pages\/199","targetHints":{"allow":["GET"]}}],"collection":[{"href":"https:\/\/popkfe.com\/index.php?rest_route=\/wp\/v2\/pages"}],"about":[{"href":"https:\/\/popkfe.com\/index.php?rest_route=\/wp\/v2\/types\/page"}],"author":[{"embeddable":true,"href":"https:\/\/popkfe.com\/index.php?rest_route=\/wp\/v2\/users\/1"}],"replies":[{"embeddable":true,"href":"https:\/\/popkfe.com\/index.php?rest_route=%2Fwp%2Fv2%2Fcomments&post=199"}],"version-history":[{"count":10,"href":"https:\/\/popkfe.com\/index.php?rest_route=\/wp\/v2\/pages\/199\/revisions"}],"predecessor-version":[{"id":911,"href":"https:\/\/popkfe.com\/index.php?rest_route=\/wp\/v2\/pages\/199\/revisions\/911"}],"wp:attachment":[{"href":"https:\/\/popkfe.com\/index.php?rest_route=%2Fwp%2Fv2%2Fmedia&parent=199"}],"curies":[{"name":"wp","href":"https:\/\/api.w.org\/{rel}","templated":true}]}}