{"id":190,"date":"2021-06-22T06:16:32","date_gmt":"2021-06-22T06:16:32","guid":{"rendered":"https:\/\/popkfe.com\/?page_id=190"},"modified":"2022-11-07T09:49:10","modified_gmt":"2022-11-07T09:49:10","slug":"reserver-au-restaurant","status":"publish","type":"page","link":"https:\/\/popkfe.com\/?page_id=190","title":{"rendered":"R\u00e9servation restauration"},"content":{"rendered":"\n<h4 class=\"has-text-align-center wp-block-heading\"><strong>Les r\u00e9servations sont possible le midi uniquement<\/strong><\/h4>\n\n\n\n<div class=\"wp-block-buttons is-horizontal is-content-justification-center is-layout-flex wp-container-core-buttons-is-layout-499968f5 wp-block-buttons-is-layout-flex\">\n<div class=\"wp-block-button is-style-fill\"><a class=\"wp-block-button__link has-text-color has-background\" href=\"http:\/\/carte.popkfe.com\" style=\"border-radius:49px;background:linear-gradient(135deg,rgb(135,9,53) 0%,rgb(179,22,22) 100%);color:#fffffa\" target=\"_blank\" rel=\"noreferrer noopener\">Notre Carte<\/a><\/div>\n<\/div>\n\n\n\n<p class=\"has-text-align-center\"><strong>Notre carte est en constante \u00e9volution<\/strong><br><\/p>\n\n\n\n<div class=\"wp-block-columns is-layout-flex wp-container-core-columns-is-layout-9d6595d7 wp-block-columns-is-layout-flex\">\n<div class=\"wp-block-column is-layout-flow wp-block-column-is-layout-flow\">\n<!-- reservation widget -->\n<iframe loading=\"lazy\" src=\"https:\/\/bookings.zenchef.com\/results?rid=355901&amp;fullscreen=1&amp;lang=fr&amp;primaryColor=e52766\" frameborder=\"0\" scrolling=\"yes\" width=\"100%\" height=\"630\" style=\"display: block; margin: 0 auto; max-width: 600px; height:630px;\"><\/iframe>\n\n<p align=\"center\">Veuillez patientez, notre module de r\u00e9servation se charge<\/p>\n<\/div>\n<\/div>\n","protected":false},"excerpt":{"rendered":"<p>Les r\u00e9servations sont possible le midi uniquement Notre carte est en constante \u00e9volution Veuillez patientez, notre module de r\u00e9servation se charge<\/p>\n","protected":false},"author":3,"featured_media":0,"parent":0,"menu_order":0,"comment_status":"closed","ping_status":"closed","template":"","meta":{"_themeisle_gutenberg_block_has_review":false,"footnotes":""},"class_list":["post-190","page","type-page","status-publish","hentry"],"_links":{"self":[{"href":"https:\/\/popkfe.com\/index.php?rest_route=\/wp\/v2\/pages\/190","targetHints":{"allow":["GET"]}}],"collection":[{"href":"https:\/\/popkfe.com\/index.php?rest_route=\/wp\/v2\/pages"}],"about":[{"href":"https:\/\/popkfe.com\/index.php?rest_route=\/wp\/v2\/types\/page"}],"author":[{"embeddable":true,"href":"https:\/\/popkfe.com\/index.php?rest_route=\/wp\/v2\/users\/3"}],"replies":[{"embeddable":true,"href":"https:\/\/popkfe.com\/index.php?rest_route=%2Fwp%2Fv2%2Fcomments&post=190"}],"version-history":[{"count":14,"href":"https:\/\/popkfe.com\/index.php?rest_route=\/wp\/v2\/pages\/190\/revisions"}],"predecessor-version":[{"id":503,"href":"https:\/\/popkfe.com\/index.php?rest_route=\/wp\/v2\/pages\/190\/revisions\/503"}],"wp:attachment":[{"href":"https:\/\/popkfe.com\/index.php?rest_route=%2Fwp%2Fv2%2Fmedia&parent=190"}],"curies":[{"name":"wp","href":"https:\/\/api.w.org\/{rel}","templated":true}]}}